{"id":53,"date":"2024-03-07T15:12:54","date_gmt":"2024-03-07T15:12:54","guid":{"rendered":"https:\/\/schwartes.digiwox.eu\/?page_id=53"},"modified":"2024-03-26T11:53:26","modified_gmt":"2024-03-26T11:53:26","slug":"whyat","status":"publish","type":"page","link":"https:\/\/schwartes.digiwox.eu\/index.php\/whyat\/","title":{"rendered":"WHYAT"},"content":{"rendered":"\t\t<div data-elementor-type=\"wp-page\" data-elementor-id=\"53\" class=\"elementor elementor-53\" data-elementor-post-type=\"page\">\n\t\t\t\t\t\t<section class=\"elementor-section elementor-top-section elementor-element elementor-element-77df3aa8 elementor-section-full_width elementor-section-height-default elementor-section-height-default\" data-id=\"77df3aa8\" data-element_type=\"section\">\n\t\t\t\t\t\t<div class=\"elementor-container elementor-column-gap-no\">\n\t\t\t\t\t<div class=\"elementor-column elementor-col-100 elementor-top-column elementor-element elementor-element-33c222b4\" data-id=\"33c222b4\" data-element_type=\"column\">\n\t\t\t<div class=\"elementor-widget-wrap elementor-element-populated\">\n\t\t\t\t\t\t<div class=\"elementor-element elementor-element-671b5464 elementor-widget elementor-widget-image\" data-id=\"671b5464\" data-element_type=\"widget\" data-widget_type=\"image.default\">\n\t\t\t\t<div class=\"elementor-widget-container\">\n\t\t\t<style>\/*! elementor - v3.20.0 - 26-03-2024 *\/\n.elementor-widget-image{text-align:center}.elementor-widget-image a{display:inline-block}.elementor-widget-image a img[src$=\".svg\"]{width:48px}.elementor-widget-image img{vertical-align:middle;display:inline-block}<\/style>\t\t\t\t\t\t\t\t\t\t<img fetchpriority=\"high\" decoding=\"async\" width=\"800\" height=\"414\" src=\"https:\/\/schwartes.digiwox.eu\/wp-content\/uploads\/2024\/03\/Screenshot-2024-03-07-222555-1024x530.png\" class=\"attachment-large size-large wp-image-229\" alt=\"\" srcset=\"https:\/\/schwartes.digiwox.eu\/wp-content\/uploads\/2024\/03\/Screenshot-2024-03-07-222555-1024x530.png 1024w, https:\/\/schwartes.digiwox.eu\/wp-content\/uploads\/2024\/03\/Screenshot-2024-03-07-222555-300x155.png 300w, https:\/\/schwartes.digiwox.eu\/wp-content\/uploads\/2024\/03\/Screenshot-2024-03-07-222555-768x398.png 768w, https:\/\/schwartes.digiwox.eu\/wp-content\/uploads\/2024\/03\/Screenshot-2024-03-07-222555.png 1413w\" sizes=\"(max-width: 800px) 100vw, 800px\" \/>\t\t\t\t\t\t\t\t\t\t\t\t\t<\/div>\n\t\t\t\t<\/div>\n\t\t\t\t\t<\/div>\n\t\t<\/div>\n\t\t\t\t\t<\/div>\n\t\t<\/section>\n\t\t\t\t<section class=\"elementor-section elementor-top-section elementor-element elementor-element-1d1a5a09 elementor-section-boxed elementor-section-height-default elementor-section-height-default\" data-id=\"1d1a5a09\" data-element_type=\"section\">\n\t\t\t\t\t\t<div class=\"elementor-container elementor-column-gap-default\">\n\t\t\t\t\t<div class=\"elementor-column elementor-col-100 elementor-top-column elementor-element elementor-element-5f8a5d8\" data-id=\"5f8a5d8\" data-element_type=\"column\">\n\t\t\t<div class=\"elementor-widget-wrap elementor-element-populated\">\n\t\t\t\t\t\t<div class=\"elementor-element elementor-element-4f1605c8 elementor-widget elementor-widget-text-editor\" data-id=\"4f1605c8\" data-element_type=\"widget\" data-widget_type=\"text-editor.default\">\n\t\t\t\t<div class=\"elementor-widget-container\">\n\t\t\t<style>\/*! elementor - v3.20.0 - 26-03-2024 *\/\n.elementor-widget-text-editor.elementor-drop-cap-view-stacked .elementor-drop-cap{background-color:#69727d;color:#fff}.elementor-widget-text-editor.elementor-drop-cap-view-framed .elementor-drop-cap{color:#69727d;border:3px solid;background-color:transparent}.elementor-widget-text-editor:not(.elementor-drop-cap-view-default) .elementor-drop-cap{margin-top:8px}.elementor-widget-text-editor:not(.elementor-drop-cap-view-default) .elementor-drop-cap-letter{width:1em;height:1em}.elementor-widget-text-editor .elementor-drop-cap{float:left;text-align:center;line-height:1;font-size:50px}.elementor-widget-text-editor .elementor-drop-cap-letter{display:inline-block}<\/style>\t\t\t\t<p>Die \u00f6sterreichische Streetwearmarke <strong>WHYAT<\/strong> hat sich als Eigenmarke des gleichnamigen Wiener Stores entwickelt. Die beiden Br\u00fcder Philipp und Bernhard Ledl pr\u00e4gen seitdem die Wiener und internationale Streetwearszene mit neuen, innovativen Styles.\u00a0<\/p><p>Die Marke steht in st\u00e4ndigem Kontakt mit dem Markt und hat bereits eine starke Pr\u00e4senz in der Sport- und Musikbranche, was <strong>WHYAT<\/strong> zu einer der Upcoming Brands in der Athleisure-Luxusbranche macht.\u00a0<\/p><p>Handgefertigt und aus hochwertigsten Stoffen, begeistert <strong>WHYAT<\/strong> nicht nur Streetwear-Fans, sondern auch internationale Superstars wie Chris Brown, G-Eazy und Antoine Griezmann.<\/p>\t\t\t\t\t\t<\/div>\n\t\t\t\t<\/div>\n\t\t\t\t\t<\/div>\n\t\t<\/div>\n\t\t\t\t\t<\/div>\n\t\t<\/section>\n\t\t\t\t<section class=\"elementor-section elementor-top-section elementor-element elementor-element-76a2651f elementor-section-full_width elementor-section-height-default elementor-section-height-default\" data-id=\"76a2651f\" data-element_type=\"section\">\n\t\t\t\t\t\t<div class=\"elementor-container elementor-column-gap-default\">\n\t\t\t\t\t<div class=\"elementor-column elementor-col-100 elementor-top-column elementor-element elementor-element-1cd857a\" data-id=\"1cd857a\" data-element_type=\"column\">\n\t\t\t<div class=\"elementor-widget-wrap elementor-element-populated\">\n\t\t\t\t\t\t<div class=\"elementor-element elementor-element-4d989ac7 elementor-widget elementor-widget-image\" data-id=\"4d989ac7\" data-element_type=\"widget\" data-widget_type=\"image.default\">\n\t\t\t\t<div class=\"elementor-widget-container\">\n\t\t\t\t\t\t\t\t\t\t\t\t\t<img decoding=\"async\" width=\"800\" height=\"452\" src=\"https:\/\/schwartes.digiwox.eu\/wp-content\/uploads\/2024\/03\/Screenshot-2024-03-07-222732-1024x578.png\" class=\"attachment-large size-large wp-image-230\" alt=\"\" srcset=\"https:\/\/schwartes.digiwox.eu\/wp-content\/uploads\/2024\/03\/Screenshot-2024-03-07-222732-1024x578.png 1024w, https:\/\/schwartes.digiwox.eu\/wp-content\/uploads\/2024\/03\/Screenshot-2024-03-07-222732-300x169.png 300w, https:\/\/schwartes.digiwox.eu\/wp-content\/uploads\/2024\/03\/Screenshot-2024-03-07-222732-768x433.png 768w, https:\/\/schwartes.digiwox.eu\/wp-content\/uploads\/2024\/03\/Screenshot-2024-03-07-222732.png 1402w\" sizes=\"(max-width: 800px) 100vw, 800px\" \/>\t\t\t\t\t\t\t\t\t\t\t\t\t<\/div>\n\t\t\t\t<\/div>\n\t\t\t\t\t<\/div>\n\t\t<\/div>\n\t\t\t\t\t<\/div>\n\t\t<\/section>\n\t\t\t\t<section class=\"elementor-section elementor-top-section elementor-element elementor-element-35f2f205 elementor-section-full_width elementor-section-height-default elementor-section-height-default\" data-id=\"35f2f205\" data-element_type=\"section\">\n\t\t\t\t\t\t<div class=\"elementor-container elementor-column-gap-default\">\n\t\t\t\t\t<div class=\"elementor-column elementor-col-100 elementor-top-column elementor-element elementor-element-1c89a415\" data-id=\"1c89a415\" data-element_type=\"column\">\n\t\t\t<div class=\"elementor-widget-wrap elementor-element-populated\">\n\t\t\t\t\t\t<div class=\"elementor-element elementor-element-2837cd5c elementor-widget elementor-widget-image\" data-id=\"2837cd5c\" data-element_type=\"widget\" data-widget_type=\"image.default\">\n\t\t\t\t<div class=\"elementor-widget-container\">\n\t\t\t\t\t\t\t\t\t\t\t\t\t<img decoding=\"async\" width=\"800\" height=\"399\" src=\"https:\/\/schwartes.digiwox.eu\/wp-content\/uploads\/2024\/03\/Screenshot-2024-03-07-222810-1024x511.png\" class=\"attachment-large size-large wp-image-231\" alt=\"\" srcset=\"https:\/\/schwartes.digiwox.eu\/wp-content\/uploads\/2024\/03\/Screenshot-2024-03-07-222810-1024x511.png 1024w, https:\/\/schwartes.digiwox.eu\/wp-content\/uploads\/2024\/03\/Screenshot-2024-03-07-222810-300x150.png 300w, https:\/\/schwartes.digiwox.eu\/wp-content\/uploads\/2024\/03\/Screenshot-2024-03-07-222810-768x383.png 768w, https:\/\/schwartes.digiwox.eu\/wp-content\/uploads\/2024\/03\/Screenshot-2024-03-07-222810.png 1410w\" sizes=\"(max-width: 800px) 100vw, 800px\" \/>\t\t\t\t\t\t\t\t\t\t\t\t\t<\/div>\n\t\t\t\t<\/div>\n\t\t\t\t<div class=\"elementor-element elementor-element-18fab4b elementor-widget elementor-widget-image\" data-id=\"18fab4b\" data-element_type=\"widget\" data-widget_type=\"image.default\">\n\t\t\t\t<div class=\"elementor-widget-container\">\n\t\t\t\t\t\t\t\t\t\t\t\t\t<img loading=\"lazy\" decoding=\"async\" width=\"800\" height=\"445\" src=\"https:\/\/schwartes.digiwox.eu\/wp-content\/uploads\/2024\/03\/Screenshot-2024-03-07-222847-1024x570.png\" class=\"attachment-large size-large wp-image-232\" alt=\"\" srcset=\"https:\/\/schwartes.digiwox.eu\/wp-content\/uploads\/2024\/03\/Screenshot-2024-03-07-222847-1024x570.png 1024w, https:\/\/schwartes.digiwox.eu\/wp-content\/uploads\/2024\/03\/Screenshot-2024-03-07-222847-300x167.png 300w, https:\/\/schwartes.digiwox.eu\/wp-content\/uploads\/2024\/03\/Screenshot-2024-03-07-222847-768x428.png 768w, https:\/\/schwartes.digiwox.eu\/wp-content\/uploads\/2024\/03\/Screenshot-2024-03-07-222847.png 1412w\" sizes=\"(max-width: 800px) 100vw, 800px\" \/>\t\t\t\t\t\t\t\t\t\t\t\t\t<\/div>\n\t\t\t\t<\/div>\n\t\t\t\t\t<\/div>\n\t\t<\/div>\n\t\t\t\t\t<\/div>\n\t\t<\/section>\n\t\t\t\t<section class=\"elementor-section elementor-top-section elementor-element elementor-element-dc230b6 elementor-section-boxed elementor-section-height-default elementor-section-height-default\" data-id=\"dc230b6\" data-element_type=\"section\">\n\t\t\t\t\t\t<div class=\"elementor-container elementor-column-gap-default\">\n\t\t\t\t\t<div class=\"elementor-column elementor-col-100 elementor-top-column elementor-element elementor-element-6aad4d1\" data-id=\"6aad4d1\" data-element_type=\"column\">\n\t\t\t<div class=\"elementor-widget-wrap elementor-element-populated\">\n\t\t\t\t\t\t<div class=\"elementor-element elementor-element-61cf77a elementor-align-center elementor-widget elementor-widget-button\" data-id=\"61cf77a\" data-element_type=\"widget\" data-widget_type=\"button.default\">\n\t\t\t\t<div class=\"elementor-widget-container\">\n\t\t\t\t\t<div class=\"elementor-button-wrapper\">\n\t\t\t<a class=\"elementor-button elementor-button-link elementor-size-sm\" href=\"https:\/\/schwartes.digiwox.eu\/\">\n\t\t\t\t\t\t<span class=\"elementor-button-content-wrapper\">\n\t\t\t\t\t\t<span class=\"elementor-button-icon elementor-align-icon-left\">\n\t\t\t\t<i aria-hidden=\"true\" class=\"icon icon-cross\"><\/i>\t\t\t<\/span>\n\t\t\t\t\t\t<span class=\"elementor-button-text\"><\/span>\n\t\t<\/span>\n\t\t\t\t\t<\/a>\n\t\t<\/div>\n\t\t\t\t<\/div>\n\t\t\t\t<\/div>\n\t\t\t\t\t<\/div>\n\t\t<\/div>\n\t\t\t\t\t<\/div>\n\t\t<\/section>\n\t\t\t\t<\/div>\n\t\t","protected":false},"excerpt":{"rendered":"<p>Die \u00f6sterreichische Streetwearmarke WHYAT hat sich als Eigenmarke des gleichnamigen Wiener Stores entwickelt. Die beiden Br\u00fcder Philipp und Bernhard Ledl pr\u00e4gen seitdem die Wiener und internationale Streetwearszene mit neuen, innovativen Styles.\u00a0 Die Marke steht in st\u00e4ndigem Kontakt mit dem Markt und hat bereits eine starke Pr\u00e4senz in der Sport- und Musikbranche, was WHYAT zu einer [&hellip;]<\/p>\n","protected":false},"author":1,"featured_media":0,"parent":0,"menu_order":0,"comment_status":"closed","ping_status":"closed","template":"elementor_header_footer","meta":{"footnotes":""},"_links":{"self":[{"href":"https:\/\/schwartes.digiwox.eu\/index.php\/wp-json\/wp\/v2\/pages\/53"}],"collection":[{"href":"https:\/\/schwartes.digiwox.eu\/index.php\/wp-json\/wp\/v2\/pages"}],"about":[{"href":"https:\/\/schwartes.digiwox.eu\/index.php\/wp-json\/wp\/v2\/types\/page"}],"author":[{"embeddable":true,"href":"https:\/\/schwartes.digiwox.eu\/index.php\/wp-json\/wp\/v2\/users\/1"}],"replies":[{"embeddable":true,"href":"https:\/\/schwartes.digiwox.eu\/index.php\/wp-json\/wp\/v2\/comments?post=53"}],"version-history":[{"count":55,"href":"https:\/\/schwartes.digiwox.eu\/index.php\/wp-json\/wp\/v2\/pages\/53\/revisions"}],"predecessor-version":[{"id":1694,"href":"https:\/\/schwartes.digiwox.eu\/index.php\/wp-json\/wp\/v2\/pages\/53\/revisions\/1694"}],"wp:attachment":[{"href":"https:\/\/schwartes.digiwox.eu\/index.php\/wp-json\/wp\/v2\/media?parent=53"}],"curies":[{"name":"wp","href":"https:\/\/api.w.org\/{rel}","templated":true}]}}