{"id":54,"date":"2024-03-07T15:12:54","date_gmt":"2024-03-07T15:12:54","guid":{"rendered":"https:\/\/schwartes.digiwox.eu\/?page_id=54"},"modified":"2024-03-26T11:53:42","modified_gmt":"2024-03-26T11:53:42","slug":"balr","status":"publish","type":"page","link":"https:\/\/schwartes.digiwox.eu\/index.php\/balr\/","title":{"rendered":"BALR."},"content":{"rendered":"\t\t<div data-elementor-type=\"wp-page\" data-elementor-id=\"54\" class=\"elementor elementor-54\" data-elementor-post-type=\"page\">\n\t\t\t\t\t\t<section class=\"elementor-section elementor-top-section elementor-element elementor-element-70bd1b11 elementor-section-full_width elementor-section-height-default elementor-section-height-default\" data-id=\"70bd1b11\" data-element_type=\"section\">\n\t\t\t\t\t\t<div class=\"elementor-container elementor-column-gap-no\">\n\t\t\t\t\t<div class=\"elementor-column elementor-col-100 elementor-top-column elementor-element elementor-element-6df246e3\" data-id=\"6df246e3\" data-element_type=\"column\">\n\t\t\t<div class=\"elementor-widget-wrap elementor-element-populated\">\n\t\t\t\t\t\t<div class=\"elementor-element elementor-element-24605f3a elementor-widget elementor-widget-image\" data-id=\"24605f3a\" data-element_type=\"widget\" data-widget_type=\"image.default\">\n\t\t\t\t<div class=\"elementor-widget-container\">\n\t\t\t<style>\/*! elementor - v3.20.0 - 26-03-2024 *\/\n.elementor-widget-image{text-align:center}.elementor-widget-image a{display:inline-block}.elementor-widget-image a img[src$=\".svg\"]{width:48px}.elementor-widget-image img{vertical-align:middle;display:inline-block}<\/style>\t\t\t\t\t\t\t\t\t\t<img fetchpriority=\"high\" decoding=\"async\" width=\"800\" height=\"419\" src=\"https:\/\/schwartes.digiwox.eu\/wp-content\/uploads\/2024\/03\/Screenshot-2024-03-07-222950-1024x536.png\" class=\"attachment-large size-large wp-image-236\" alt=\"\" srcset=\"https:\/\/schwartes.digiwox.eu\/wp-content\/uploads\/2024\/03\/Screenshot-2024-03-07-222950-1024x536.png 1024w, https:\/\/schwartes.digiwox.eu\/wp-content\/uploads\/2024\/03\/Screenshot-2024-03-07-222950-300x157.png 300w, https:\/\/schwartes.digiwox.eu\/wp-content\/uploads\/2024\/03\/Screenshot-2024-03-07-222950-768x402.png 768w, https:\/\/schwartes.digiwox.eu\/wp-content\/uploads\/2024\/03\/Screenshot-2024-03-07-222950.png 1408w\" sizes=\"(max-width: 800px) 100vw, 800px\" \/>\t\t\t\t\t\t\t\t\t\t\t\t\t<\/div>\n\t\t\t\t<\/div>\n\t\t\t\t\t<\/div>\n\t\t<\/div>\n\t\t\t\t\t<\/div>\n\t\t<\/section>\n\t\t\t\t<section class=\"elementor-section elementor-top-section elementor-element elementor-element-6ac6a326 elementor-section-boxed elementor-section-height-default elementor-section-height-default\" data-id=\"6ac6a326\" data-element_type=\"section\">\n\t\t\t\t\t\t<div class=\"elementor-container elementor-column-gap-default\">\n\t\t\t\t\t<div class=\"elementor-column elementor-col-100 elementor-top-column elementor-element elementor-element-520598f9\" data-id=\"520598f9\" data-element_type=\"column\">\n\t\t\t<div class=\"elementor-widget-wrap elementor-element-populated\">\n\t\t\t\t\t\t<div class=\"elementor-element elementor-element-7c581251 elementor-widget elementor-widget-text-editor\" data-id=\"7c581251\" data-element_type=\"widget\" data-widget_type=\"text-editor.default\">\n\t\t\t\t<div class=\"elementor-widget-container\">\n\t\t\t<style>\/*! elementor - v3.20.0 - 26-03-2024 *\/\n.elementor-widget-text-editor.elementor-drop-cap-view-stacked .elementor-drop-cap{background-color:#69727d;color:#fff}.elementor-widget-text-editor.elementor-drop-cap-view-framed .elementor-drop-cap{color:#69727d;border:3px solid;background-color:transparent}.elementor-widget-text-editor:not(.elementor-drop-cap-view-default) .elementor-drop-cap{margin-top:8px}.elementor-widget-text-editor:not(.elementor-drop-cap-view-default) .elementor-drop-cap-letter{width:1em;height:1em}.elementor-widget-text-editor .elementor-drop-cap{float:left;text-align:center;line-height:1;font-size:50px}.elementor-widget-text-editor .elementor-drop-cap-letter{display:inline-block}<\/style>\t\t\t\t<p><strong> BALR.<\/strong> ist eine internationale Luxus-Lifestyle-Marke, die f\u00fcr ihre High-End-Mode, Travel-Produkte und Accessoires f\u00fcr M\u00e4nner und Frauen bekannt ist. Die in Amsterdam ans\u00e4ssige Marke hat eine komplette Range an hochwertigen Artikeln geschaffen, die dazu inspirieren, das <br \/><strong>LIFE of a BALR<\/strong> zu leben.<\/p><p><strong>BALR.<\/strong> wurde 2013 von den ehemaligen Spielern der holl\u00e4ndischen Fu\u00dfballnationalmannschaft Demy de Zeeuw, Juul Manders und Ralph de Geus gegr\u00fcndet und ist die Verk\u00f6rperung einer modernen Lifestyle-Marke.<\/p><p>Aufstrebend, fokussiert und im Einklang mit seinem jungen und ehrgeizigen Publikum bringt das Unternehmen den luxuri\u00f6sen Lebensstil von au\u00dfergew\u00f6hnlichen Athleten in greifbare N\u00e4he f\u00fcr alle, die hart arbeiten, um ihren Traum zu leben.<\/p>\t\t\t\t\t\t<\/div>\n\t\t\t\t<\/div>\n\t\t\t\t\t<\/div>\n\t\t<\/div>\n\t\t\t\t\t<\/div>\n\t\t<\/section>\n\t\t\t\t<section class=\"elementor-section elementor-top-section elementor-element elementor-element-39df0d31 elementor-section-full_width elementor-section-height-default elementor-section-height-default\" data-id=\"39df0d31\" data-element_type=\"section\">\n\t\t\t\t\t\t<div class=\"elementor-container elementor-column-gap-default\">\n\t\t\t\t\t<div class=\"elementor-column elementor-col-100 elementor-top-column elementor-element elementor-element-4e99ba6e\" data-id=\"4e99ba6e\" data-element_type=\"column\">\n\t\t\t<div class=\"elementor-widget-wrap elementor-element-populated\">\n\t\t\t\t\t\t<div class=\"elementor-element elementor-element-e6e4fe9 elementor-widget elementor-widget-image\" data-id=\"e6e4fe9\" data-element_type=\"widget\" data-widget_type=\"image.default\">\n\t\t\t\t<div class=\"elementor-widget-container\">\n\t\t\t\t\t\t\t\t\t\t\t\t\t<img decoding=\"async\" width=\"800\" height=\"398\" src=\"https:\/\/schwartes.digiwox.eu\/wp-content\/uploads\/2024\/03\/Screenshot-2024-03-07-223201-1024x509.png\" class=\"attachment-large size-large wp-image-240\" alt=\"\" srcset=\"https:\/\/schwartes.digiwox.eu\/wp-content\/uploads\/2024\/03\/Screenshot-2024-03-07-223201-1024x509.png 1024w, https:\/\/schwartes.digiwox.eu\/wp-content\/uploads\/2024\/03\/Screenshot-2024-03-07-223201-300x149.png 300w, https:\/\/schwartes.digiwox.eu\/wp-content\/uploads\/2024\/03\/Screenshot-2024-03-07-223201-768x382.png 768w, https:\/\/schwartes.digiwox.eu\/wp-content\/uploads\/2024\/03\/Screenshot-2024-03-07-223201.png 1408w\" sizes=\"(max-width: 800px) 100vw, 800px\" \/>\t\t\t\t\t\t\t\t\t\t\t\t\t<\/div>\n\t\t\t\t<\/div>\n\t\t\t\t\t<\/div>\n\t\t<\/div>\n\t\t\t\t\t<\/div>\n\t\t<\/section>\n\t\t\t\t<section class=\"elementor-section elementor-top-section elementor-element elementor-element-3c0303e3 elementor-section-full_width elementor-section-height-default elementor-section-height-default\" data-id=\"3c0303e3\" data-element_type=\"section\">\n\t\t\t\t\t\t<div class=\"elementor-container elementor-column-gap-default\">\n\t\t\t\t\t<div class=\"elementor-column elementor-col-100 elementor-top-column elementor-element elementor-element-7d7b9cf5\" data-id=\"7d7b9cf5\" data-element_type=\"column\">\n\t\t\t<div class=\"elementor-widget-wrap elementor-element-populated\">\n\t\t\t\t\t\t<div class=\"elementor-element elementor-element-4b6d583f elementor-widget elementor-widget-image\" data-id=\"4b6d583f\" data-element_type=\"widget\" data-widget_type=\"image.default\">\n\t\t\t\t<div class=\"elementor-widget-container\">\n\t\t\t\t\t\t\t\t\t\t\t\t\t<img decoding=\"async\" width=\"800\" height=\"397\" src=\"https:\/\/schwartes.digiwox.eu\/wp-content\/uploads\/2024\/03\/Screenshot-2024-03-07-223317-1024x508.png\" class=\"attachment-large size-large wp-image-241\" alt=\"\" srcset=\"https:\/\/schwartes.digiwox.eu\/wp-content\/uploads\/2024\/03\/Screenshot-2024-03-07-223317-1024x508.png 1024w, https:\/\/schwartes.digiwox.eu\/wp-content\/uploads\/2024\/03\/Screenshot-2024-03-07-223317-300x149.png 300w, https:\/\/schwartes.digiwox.eu\/wp-content\/uploads\/2024\/03\/Screenshot-2024-03-07-223317-768x381.png 768w, https:\/\/schwartes.digiwox.eu\/wp-content\/uploads\/2024\/03\/Screenshot-2024-03-07-223317.png 1408w\" sizes=\"(max-width: 800px) 100vw, 800px\" \/>\t\t\t\t\t\t\t\t\t\t\t\t\t<\/div>\n\t\t\t\t<\/div>\n\t\t\t\t<div class=\"elementor-element elementor-element-2b0c4605 elementor-widget elementor-widget-image\" data-id=\"2b0c4605\" data-element_type=\"widget\" data-widget_type=\"image.default\">\n\t\t\t\t<div class=\"elementor-widget-container\">\n\t\t\t\t\t\t\t\t\t\t\t\t\t<img loading=\"lazy\" decoding=\"async\" width=\"800\" height=\"402\" src=\"https:\/\/schwartes.digiwox.eu\/wp-content\/uploads\/2024\/03\/Screenshot-2024-03-07-223343-1024x515.png\" class=\"attachment-large size-large wp-image-242\" alt=\"\" srcset=\"https:\/\/schwartes.digiwox.eu\/wp-content\/uploads\/2024\/03\/Screenshot-2024-03-07-223343-1024x515.png 1024w, https:\/\/schwartes.digiwox.eu\/wp-content\/uploads\/2024\/03\/Screenshot-2024-03-07-223343-300x151.png 300w, https:\/\/schwartes.digiwox.eu\/wp-content\/uploads\/2024\/03\/Screenshot-2024-03-07-223343-768x386.png 768w, https:\/\/schwartes.digiwox.eu\/wp-content\/uploads\/2024\/03\/Screenshot-2024-03-07-223343.png 1406w\" sizes=\"(max-width: 800px) 100vw, 800px\" \/>\t\t\t\t\t\t\t\t\t\t\t\t\t<\/div>\n\t\t\t\t<\/div>\n\t\t\t\t\t<\/div>\n\t\t<\/div>\n\t\t\t\t\t<\/div>\n\t\t<\/section>\n\t\t\t\t<section class=\"elementor-section elementor-top-section elementor-element elementor-element-b02c198 elementor-section-boxed elementor-section-height-default elementor-section-height-default\" data-id=\"b02c198\" data-element_type=\"section\">\n\t\t\t\t\t\t<div class=\"elementor-container elementor-column-gap-default\">\n\t\t\t\t\t<div class=\"elementor-column elementor-col-100 elementor-top-column elementor-element elementor-element-5691119\" data-id=\"5691119\" data-element_type=\"column\">\n\t\t\t<div class=\"elementor-widget-wrap elementor-element-populated\">\n\t\t\t\t\t\t<div class=\"elementor-element elementor-element-41741f4 elementor-align-center elementor-widget elementor-widget-button\" data-id=\"41741f4\" data-element_type=\"widget\" data-widget_type=\"button.default\">\n\t\t\t\t<div class=\"elementor-widget-container\">\n\t\t\t\t\t<div class=\"elementor-button-wrapper\">\n\t\t\t<a class=\"elementor-button elementor-button-link elementor-size-sm\" href=\"https:\/\/schwartes.digiwox.eu\/\">\n\t\t\t\t\t\t<span class=\"elementor-button-content-wrapper\">\n\t\t\t\t\t\t<span class=\"elementor-button-icon elementor-align-icon-left\">\n\t\t\t\t<i aria-hidden=\"true\" class=\"icon icon-cross\"><\/i>\t\t\t<\/span>\n\t\t\t\t\t\t<span class=\"elementor-button-text\"><\/span>\n\t\t<\/span>\n\t\t\t\t\t<\/a>\n\t\t<\/div>\n\t\t\t\t<\/div>\n\t\t\t\t<\/div>\n\t\t\t\t\t<\/div>\n\t\t<\/div>\n\t\t\t\t\t<\/div>\n\t\t<\/section>\n\t\t\t\t<\/div>\n\t\t","protected":false},"excerpt":{"rendered":"<p>BALR. ist eine internationale Luxus-Lifestyle-Marke, die f\u00fcr ihre High-End-Mode, Travel-Produkte und Accessoires f\u00fcr M\u00e4nner und Frauen bekannt ist. Die in Amsterdam ans\u00e4ssige Marke hat eine komplette Range an hochwertigen Artikeln geschaffen, die dazu inspirieren, das LIFE of a BALR zu leben. BALR. wurde 2013 von den ehemaligen Spielern der holl\u00e4ndischen Fu\u00dfballnationalmannschaft Demy de Zeeuw, Juul [&hellip;]<\/p>\n","protected":false},"author":1,"featured_media":0,"parent":0,"menu_order":0,"comment_status":"closed","ping_status":"closed","template":"elementor_header_footer","meta":{"footnotes":""},"_links":{"self":[{"href":"https:\/\/schwartes.digiwox.eu\/index.php\/wp-json\/wp\/v2\/pages\/54"}],"collection":[{"href":"https:\/\/schwartes.digiwox.eu\/index.php\/wp-json\/wp\/v2\/pages"}],"about":[{"href":"https:\/\/schwartes.digiwox.eu\/index.php\/wp-json\/wp\/v2\/types\/page"}],"author":[{"embeddable":true,"href":"https:\/\/schwartes.digiwox.eu\/index.php\/wp-json\/wp\/v2\/users\/1"}],"replies":[{"embeddable":true,"href":"https:\/\/schwartes.digiwox.eu\/index.php\/wp-json\/wp\/v2\/comments?post=54"}],"version-history":[{"count":43,"href":"https:\/\/schwartes.digiwox.eu\/index.php\/wp-json\/wp\/v2\/pages\/54\/revisions"}],"predecessor-version":[{"id":1697,"href":"https:\/\/schwartes.digiwox.eu\/index.php\/wp-json\/wp\/v2\/pages\/54\/revisions\/1697"}],"wp:attachment":[{"href":"https:\/\/schwartes.digiwox.eu\/index.php\/wp-json\/wp\/v2\/media?parent=54"}],"curies":[{"name":"wp","href":"https:\/\/api.w.org\/{rel}","templated":true}]}}