{"id":58,"date":"2024-03-07T15:12:54","date_gmt":"2024-03-07T15:12:54","guid":{"rendered":"https:\/\/schwartes.digiwox.eu\/?page_id=58"},"modified":"2024-03-21T11:33:52","modified_gmt":"2024-03-21T11:33:52","slug":"fil-noir","status":"publish","type":"page","link":"https:\/\/schwartes.digiwox.eu\/index.php\/fil-noir\/","title":{"rendered":"FIL NOIR"},"content":{"rendered":"\t\t<div data-elementor-type=\"wp-page\" data-elementor-id=\"58\" class=\"elementor elementor-58\" data-elementor-post-type=\"page\">\n\t\t\t\t\t\t<section class=\"elementor-section elementor-top-section elementor-element elementor-element-5a451a77 elementor-section-full_width elementor-section-height-default elementor-section-height-default\" data-id=\"5a451a77\" data-element_type=\"section\">\n\t\t\t\t\t\t<div class=\"elementor-container elementor-column-gap-no\">\n\t\t\t\t\t<div class=\"elementor-column elementor-col-100 elementor-top-column elementor-element elementor-element-3368795e\" data-id=\"3368795e\" data-element_type=\"column\">\n\t\t\t<div class=\"elementor-widget-wrap elementor-element-populated\">\n\t\t\t\t\t\t<div class=\"elementor-element elementor-element-7e8f5dc7 elementor-widget elementor-widget-image\" data-id=\"7e8f5dc7\" data-element_type=\"widget\" data-widget_type=\"image.default\">\n\t\t\t\t<div class=\"elementor-widget-container\">\n\t\t\t<style>\/*! elementor - v3.20.0 - 26-03-2024 *\/\n.elementor-widget-image{text-align:center}.elementor-widget-image a{display:inline-block}.elementor-widget-image a img[src$=\".svg\"]{width:48px}.elementor-widget-image img{vertical-align:middle;display:inline-block}<\/style>\t\t\t\t\t\t\t\t\t\t<img fetchpriority=\"high\" decoding=\"async\" width=\"800\" height=\"405\" src=\"https:\/\/schwartes.digiwox.eu\/wp-content\/uploads\/2024\/03\/Screenshot-2024-03-07-230208-1024x519.png\" class=\"attachment-large size-large wp-image-300\" alt=\"\" srcset=\"https:\/\/schwartes.digiwox.eu\/wp-content\/uploads\/2024\/03\/Screenshot-2024-03-07-230208-1024x519.png 1024w, https:\/\/schwartes.digiwox.eu\/wp-content\/uploads\/2024\/03\/Screenshot-2024-03-07-230208-300x152.png 300w, https:\/\/schwartes.digiwox.eu\/wp-content\/uploads\/2024\/03\/Screenshot-2024-03-07-230208-768x389.png 768w, https:\/\/schwartes.digiwox.eu\/wp-content\/uploads\/2024\/03\/Screenshot-2024-03-07-230208.png 1406w\" sizes=\"(max-width: 800px) 100vw, 800px\" \/>\t\t\t\t\t\t\t\t\t\t\t\t\t<\/div>\n\t\t\t\t<\/div>\n\t\t\t\t\t<\/div>\n\t\t<\/div>\n\t\t\t\t\t<\/div>\n\t\t<\/section>\n\t\t\t\t<section class=\"elementor-section elementor-top-section elementor-element elementor-element-299cf87c elementor-section-boxed elementor-section-height-default elementor-section-height-default\" data-id=\"299cf87c\" data-element_type=\"section\">\n\t\t\t\t\t\t<div class=\"elementor-container elementor-column-gap-default\">\n\t\t\t\t\t<div class=\"elementor-column elementor-col-100 elementor-top-column elementor-element elementor-element-7859d4\" data-id=\"7859d4\" data-element_type=\"column\">\n\t\t\t<div class=\"elementor-widget-wrap elementor-element-populated\">\n\t\t\t\t\t\t<div class=\"elementor-element elementor-element-3cd02935 elementor-widget elementor-widget-text-editor\" data-id=\"3cd02935\" data-element_type=\"widget\" data-widget_type=\"text-editor.default\">\n\t\t\t\t<div class=\"elementor-widget-container\">\n\t\t\t<style>\/*! elementor - v3.20.0 - 26-03-2024 *\/\n.elementor-widget-text-editor.elementor-drop-cap-view-stacked .elementor-drop-cap{background-color:#69727d;color:#fff}.elementor-widget-text-editor.elementor-drop-cap-view-framed .elementor-drop-cap{color:#69727d;border:3px solid;background-color:transparent}.elementor-widget-text-editor:not(.elementor-drop-cap-view-default) .elementor-drop-cap{margin-top:8px}.elementor-widget-text-editor:not(.elementor-drop-cap-view-default) .elementor-drop-cap-letter{width:1em;height:1em}.elementor-widget-text-editor .elementor-drop-cap{float:left;text-align:center;line-height:1;font-size:50px}.elementor-widget-text-editor .elementor-drop-cap-letter{display:inline-block}<\/style>\t\t\t\t<p><strong>FIL NOIR 1899<\/strong> \u00fcbernahmen die Br\u00fcder Luca und Lorenzo Manzini die Herrenw\u00e4sche-Manufaktur ihres Vaters Lorenzo im toskanischem Certaldo. Schon bald schneiderten die Br\u00fcder ihre ersten Herrenhemden. Bis heute steht der Name Certaldo f\u00fcr Stil und ist ein St\u00fcck italienische Bekleidungskultur.<\/p><p>Als ein Erdbeben Anfang des 20sten Jahrhunderts die Garnfabriken der Region zerst\u00f6rte, machten die Br\u00fcder aus der Not eine Tugend: Sie vern\u00e4hten das einzig verbliebene Garn, es war Schwarz. Das bl\u00fctenwei\u00dfe Hemd mit der schwarzen Naht passte perfekt zum schwarzen Anzug und wurde zum Lieblingshemd stilbewusster Pariser Gesch\u00e4ftsm\u00e4nner: Alle wollten das Hemd mit dem <strong>Fil Noir<\/strong>, dem schwarzen Faden \u2013 das war die Geburts stunde des Markennamens und einer internationalen Erfolgsgeschichte.<\/p><p>Die elementaren Grundwerte des Hauses MANZINI begleitet die Marke weiterhin jeden Tag. Mit Herzblut und Leidenschaft entwickelt<strong> FIL NOIR<\/strong> seine Produkte ganz im Sinne des traditionellen Handwerks. Heute wie damals steht <strong>FIL NOIR<\/strong> f\u00fcr edelste, italienische Stoffe, hochwertige Zutaten und handwerkliche Fertigung, denn Tradition kommt nie aus der Mode.<\/p>\t\t\t\t\t\t<\/div>\n\t\t\t\t<\/div>\n\t\t\t\t\t<\/div>\n\t\t<\/div>\n\t\t\t\t\t<\/div>\n\t\t<\/section>\n\t\t\t\t<section class=\"elementor-section elementor-top-section elementor-element elementor-element-5beecc5c elementor-section-full_width elementor-section-height-default elementor-section-height-default\" data-id=\"5beecc5c\" data-element_type=\"section\">\n\t\t\t\t\t\t<div class=\"elementor-container elementor-column-gap-default\">\n\t\t\t\t\t<div class=\"elementor-column elementor-col-100 elementor-top-column elementor-element elementor-element-14c9d3fd\" data-id=\"14c9d3fd\" data-element_type=\"column\">\n\t\t\t<div class=\"elementor-widget-wrap elementor-element-populated\">\n\t\t\t\t\t\t<div class=\"elementor-element elementor-element-feaa1a0 elementor-widget elementor-widget-image\" data-id=\"feaa1a0\" data-element_type=\"widget\" data-widget_type=\"image.default\">\n\t\t\t\t<div class=\"elementor-widget-container\">\n\t\t\t\t\t\t\t\t\t\t\t\t\t<img decoding=\"async\" width=\"800\" height=\"402\" src=\"https:\/\/schwartes.digiwox.eu\/wp-content\/uploads\/2024\/03\/Screenshot-2024-03-07-230427-1024x515.png\" class=\"attachment-large size-large wp-image-309\" alt=\"\" srcset=\"https:\/\/schwartes.digiwox.eu\/wp-content\/uploads\/2024\/03\/Screenshot-2024-03-07-230427-1024x515.png 1024w, https:\/\/schwartes.digiwox.eu\/wp-content\/uploads\/2024\/03\/Screenshot-2024-03-07-230427-300x151.png 300w, https:\/\/schwartes.digiwox.eu\/wp-content\/uploads\/2024\/03\/Screenshot-2024-03-07-230427-768x386.png 768w, https:\/\/schwartes.digiwox.eu\/wp-content\/uploads\/2024\/03\/Screenshot-2024-03-07-230427.png 1407w\" sizes=\"(max-width: 800px) 100vw, 800px\" \/>\t\t\t\t\t\t\t\t\t\t\t\t\t<\/div>\n\t\t\t\t<\/div>\n\t\t\t\t\t<\/div>\n\t\t<\/div>\n\t\t\t\t\t<\/div>\n\t\t<\/section>\n\t\t\t\t<section class=\"elementor-section elementor-top-section elementor-element elementor-element-2736b96e elementor-section-full_width elementor-section-height-default elementor-section-height-default\" data-id=\"2736b96e\" data-element_type=\"section\">\n\t\t\t\t\t\t<div class=\"elementor-container elementor-column-gap-default\">\n\t\t\t\t\t<div class=\"elementor-column elementor-col-100 elementor-top-column elementor-element elementor-element-4363ff62\" data-id=\"4363ff62\" data-element_type=\"column\">\n\t\t\t<div class=\"elementor-widget-wrap elementor-element-populated\">\n\t\t\t\t\t\t<div class=\"elementor-element elementor-element-5f7fe715 elementor-widget elementor-widget-image\" data-id=\"5f7fe715\" data-element_type=\"widget\" data-widget_type=\"image.default\">\n\t\t\t\t<div class=\"elementor-widget-container\">\n\t\t\t\t\t\t\t\t\t\t\t\t\t<img decoding=\"async\" width=\"800\" height=\"398\" src=\"https:\/\/schwartes.digiwox.eu\/wp-content\/uploads\/2024\/03\/Screenshot-2024-03-07-230440-1024x509.png\" class=\"attachment-large size-large wp-image-308\" alt=\"\" srcset=\"https:\/\/schwartes.digiwox.eu\/wp-content\/uploads\/2024\/03\/Screenshot-2024-03-07-230440-1024x509.png 1024w, https:\/\/schwartes.digiwox.eu\/wp-content\/uploads\/2024\/03\/Screenshot-2024-03-07-230440-300x149.png 300w, https:\/\/schwartes.digiwox.eu\/wp-content\/uploads\/2024\/03\/Screenshot-2024-03-07-230440-768x382.png 768w, https:\/\/schwartes.digiwox.eu\/wp-content\/uploads\/2024\/03\/Screenshot-2024-03-07-230440.png 1411w\" sizes=\"(max-width: 800px) 100vw, 800px\" \/>\t\t\t\t\t\t\t\t\t\t\t\t\t<\/div>\n\t\t\t\t<\/div>\n\t\t\t\t<div class=\"elementor-element elementor-element-43079eac elementor-widget elementor-widget-image\" data-id=\"43079eac\" data-element_type=\"widget\" data-widget_type=\"image.default\">\n\t\t\t\t<div class=\"elementor-widget-container\">\n\t\t\t\t\t\t\t\t\t\t\t\t\t<img loading=\"lazy\" decoding=\"async\" width=\"800\" height=\"397\" src=\"https:\/\/schwartes.digiwox.eu\/wp-content\/uploads\/2024\/03\/Screenshot-2024-03-07-230451-1024x508.png\" class=\"attachment-large size-large wp-image-307\" alt=\"\" srcset=\"https:\/\/schwartes.digiwox.eu\/wp-content\/uploads\/2024\/03\/Screenshot-2024-03-07-230451-1024x508.png 1024w, https:\/\/schwartes.digiwox.eu\/wp-content\/uploads\/2024\/03\/Screenshot-2024-03-07-230451-300x149.png 300w, https:\/\/schwartes.digiwox.eu\/wp-content\/uploads\/2024\/03\/Screenshot-2024-03-07-230451-768x381.png 768w, https:\/\/schwartes.digiwox.eu\/wp-content\/uploads\/2024\/03\/Screenshot-2024-03-07-230451.png 1406w\" sizes=\"(max-width: 800px) 100vw, 800px\" \/>\t\t\t\t\t\t\t\t\t\t\t\t\t<\/div>\n\t\t\t\t<\/div>\n\t\t\t\t\t<\/div>\n\t\t<\/div>\n\t\t\t\t\t<\/div>\n\t\t<\/section>\n\t\t\t\t<section class=\"elementor-section elementor-top-section elementor-element elementor-element-178c6db elementor-section-boxed elementor-section-height-default elementor-section-height-default\" data-id=\"178c6db\" data-element_type=\"section\">\n\t\t\t\t\t\t<div class=\"elementor-container elementor-column-gap-default\">\n\t\t\t\t\t<div class=\"elementor-column elementor-col-100 elementor-top-column elementor-element elementor-element-e171f5d\" data-id=\"e171f5d\" data-element_type=\"column\">\n\t\t\t<div class=\"elementor-widget-wrap elementor-element-populated\">\n\t\t\t\t\t\t<div class=\"elementor-element elementor-element-5916dd5 elementor-align-center elementor-widget elementor-widget-button\" data-id=\"5916dd5\" data-element_type=\"widget\" data-widget_type=\"button.default\">\n\t\t\t\t<div class=\"elementor-widget-container\">\n\t\t\t\t\t<div class=\"elementor-button-wrapper\">\n\t\t\t<a class=\"elementor-button elementor-button-link elementor-size-sm\" href=\"https:\/\/schwartes.digiwox.eu\/\">\n\t\t\t\t\t\t<span class=\"elementor-button-content-wrapper\">\n\t\t\t\t\t\t<span class=\"elementor-button-icon elementor-align-icon-left\">\n\t\t\t\t<i aria-hidden=\"true\" class=\"icon icon-cross\"><\/i>\t\t\t<\/span>\n\t\t\t\t\t\t<span class=\"elementor-button-text\"><\/span>\n\t\t<\/span>\n\t\t\t\t\t<\/a>\n\t\t<\/div>\n\t\t\t\t<\/div>\n\t\t\t\t<\/div>\n\t\t\t\t\t<\/div>\n\t\t<\/div>\n\t\t\t\t\t<\/div>\n\t\t<\/section>\n\t\t\t\t<\/div>\n\t\t","protected":false},"excerpt":{"rendered":"<p>FIL NOIR 1899 \u00fcbernahmen die Br\u00fcder Luca und Lorenzo Manzini die Herrenw\u00e4sche-Manufaktur ihres Vaters Lorenzo im toskanischem Certaldo. Schon bald schneiderten die Br\u00fcder ihre ersten Herrenhemden. Bis heute steht der Name Certaldo f\u00fcr Stil und ist ein St\u00fcck italienische Bekleidungskultur. Als ein Erdbeben Anfang des 20sten Jahrhunderts die Garnfabriken der Region zerst\u00f6rte, machten die Br\u00fcder [&hellip;]<\/p>\n","protected":false},"author":1,"featured_media":0,"parent":0,"menu_order":0,"comment_status":"closed","ping_status":"closed","template":"elementor_header_footer","meta":{"footnotes":""},"_links":{"self":[{"href":"https:\/\/schwartes.digiwox.eu\/index.php\/wp-json\/wp\/v2\/pages\/58"}],"collection":[{"href":"https:\/\/schwartes.digiwox.eu\/index.php\/wp-json\/wp\/v2\/pages"}],"about":[{"href":"https:\/\/schwartes.digiwox.eu\/index.php\/wp-json\/wp\/v2\/types\/page"}],"author":[{"embeddable":true,"href":"https:\/\/schwartes.digiwox.eu\/index.php\/wp-json\/wp\/v2\/users\/1"}],"replies":[{"embeddable":true,"href":"https:\/\/schwartes.digiwox.eu\/index.php\/wp-json\/wp\/v2\/comments?post=58"}],"version-history":[{"count":49,"href":"https:\/\/schwartes.digiwox.eu\/index.php\/wp-json\/wp\/v2\/pages\/58\/revisions"}],"predecessor-version":[{"id":1227,"href":"https:\/\/schwartes.digiwox.eu\/index.php\/wp-json\/wp\/v2\/pages\/58\/revisions\/1227"}],"wp:attachment":[{"href":"https:\/\/schwartes.digiwox.eu\/index.php\/wp-json\/wp\/v2\/media?parent=58"}],"curies":[{"name":"wp","href":"https:\/\/api.w.org\/{rel}","templated":true}]}}