{"id":59,"date":"2024-03-07T15:12:54","date_gmt":"2024-03-07T15:12:54","guid":{"rendered":"https:\/\/schwartes.digiwox.eu\/?page_id=59"},"modified":"2024-03-26T11:54:15","modified_gmt":"2024-03-26T11:54:15","slug":"mason","status":"publish","type":"page","link":"https:\/\/schwartes.digiwox.eu\/index.php\/mason\/","title":{"rendered":"MASON"},"content":{"rendered":"\t\t<div data-elementor-type=\"wp-page\" data-elementor-id=\"59\" class=\"elementor elementor-59\" data-elementor-post-type=\"page\">\n\t\t\t\t\t\t<section class=\"elementor-section elementor-top-section elementor-element elementor-element-10d1c696 elementor-section-full_width elementor-section-height-default elementor-section-height-default\" data-id=\"10d1c696\" data-element_type=\"section\">\n\t\t\t\t\t\t<div class=\"elementor-container elementor-column-gap-no\">\n\t\t\t\t\t<div class=\"elementor-column elementor-col-100 elementor-top-column elementor-element elementor-element-68dfccce\" data-id=\"68dfccce\" data-element_type=\"column\">\n\t\t\t<div class=\"elementor-widget-wrap elementor-element-populated\">\n\t\t\t\t\t\t<div class=\"elementor-element elementor-element-71e4d60b elementor-widget elementor-widget-image\" data-id=\"71e4d60b\" data-element_type=\"widget\" data-widget_type=\"image.default\">\n\t\t\t\t<div class=\"elementor-widget-container\">\n\t\t\t<style>\/*! elementor - v3.20.0 - 26-03-2024 *\/\n.elementor-widget-image{text-align:center}.elementor-widget-image a{display:inline-block}.elementor-widget-image a img[src$=\".svg\"]{width:48px}.elementor-widget-image img{vertical-align:middle;display:inline-block}<\/style>\t\t\t\t\t\t\t\t\t\t<img fetchpriority=\"high\" decoding=\"async\" width=\"800\" height=\"403\" src=\"https:\/\/schwartes.digiwox.eu\/wp-content\/uploads\/2024\/03\/Screenshot-2024-03-07-225824-1024x516.png\" class=\"attachment-large size-large wp-image-289\" alt=\"\" srcset=\"https:\/\/schwartes.digiwox.eu\/wp-content\/uploads\/2024\/03\/Screenshot-2024-03-07-225824-1024x516.png 1024w, https:\/\/schwartes.digiwox.eu\/wp-content\/uploads\/2024\/03\/Screenshot-2024-03-07-225824-300x151.png 300w, https:\/\/schwartes.digiwox.eu\/wp-content\/uploads\/2024\/03\/Screenshot-2024-03-07-225824-768x387.png 768w, https:\/\/schwartes.digiwox.eu\/wp-content\/uploads\/2024\/03\/Screenshot-2024-03-07-225824.png 1410w\" sizes=\"(max-width: 800px) 100vw, 800px\" \/>\t\t\t\t\t\t\t\t\t\t\t\t\t<\/div>\n\t\t\t\t<\/div>\n\t\t\t\t\t<\/div>\n\t\t<\/div>\n\t\t\t\t\t<\/div>\n\t\t<\/section>\n\t\t\t\t<section class=\"elementor-section elementor-top-section elementor-element elementor-element-6bb7bc60 elementor-section-boxed elementor-section-height-default elementor-section-height-default\" data-id=\"6bb7bc60\" data-element_type=\"section\">\n\t\t\t\t\t\t<div class=\"elementor-container elementor-column-gap-default\">\n\t\t\t\t\t<div class=\"elementor-column elementor-col-100 elementor-top-column elementor-element elementor-element-5401b50a\" data-id=\"5401b50a\" data-element_type=\"column\">\n\t\t\t<div class=\"elementor-widget-wrap elementor-element-populated\">\n\t\t\t\t\t\t<div class=\"elementor-element elementor-element-47d14f55 elementor-widget elementor-widget-text-editor\" data-id=\"47d14f55\" data-element_type=\"widget\" data-widget_type=\"text-editor.default\">\n\t\t\t\t<div class=\"elementor-widget-container\">\n\t\t\t<style>\/*! elementor - v3.20.0 - 26-03-2024 *\/\n.elementor-widget-text-editor.elementor-drop-cap-view-stacked .elementor-drop-cap{background-color:#69727d;color:#fff}.elementor-widget-text-editor.elementor-drop-cap-view-framed .elementor-drop-cap{color:#69727d;border:3px solid;background-color:transparent}.elementor-widget-text-editor:not(.elementor-drop-cap-view-default) .elementor-drop-cap{margin-top:8px}.elementor-widget-text-editor:not(.elementor-drop-cap-view-default) .elementor-drop-cap-letter{width:1em;height:1em}.elementor-widget-text-editor .elementor-drop-cap{float:left;text-align:center;line-height:1;font-size:50px}.elementor-widget-text-editor .elementor-drop-cap-letter{display:inline-block}<\/style>\t\t\t\t<p><strong>MASON GARMENTS<\/strong> wurde 2012 von Rendi Aditia gegr\u00fcndet und ist ein in Amsterdam ans\u00e4ssiges High-End-Schuhlabel, das sich der Herstellung von nachhaltigem und dauerhaftem Luxus verschrieben hat.<\/p><p><b>MASON GARMENTS<\/b> verk\u00f6rpert und verbindet Zeitlosigkeit, allt\u00e4glichen Luxus, Handwerkskunst und zeitgen\u00f6ssisches Design miteinander.<\/p><p>Alle Schuhe werden in Handarbeit in Italien hergestellt, wobei traditionelle Techniken mit Innovation kombiniert werden. F\u00fcr die Herstellung werden nur die feinsten und verantwortungsvoll beschafften Leder und Materialien verwendet, die Qualit\u00e4t, Stil und Komfort bieten.<\/p>\t\t\t\t\t\t<\/div>\n\t\t\t\t<\/div>\n\t\t\t\t\t<\/div>\n\t\t<\/div>\n\t\t\t\t\t<\/div>\n\t\t<\/section>\n\t\t\t\t<section class=\"elementor-section elementor-top-section elementor-element elementor-element-31546710 elementor-section-full_width elementor-section-height-default elementor-section-height-default\" data-id=\"31546710\" data-element_type=\"section\">\n\t\t\t\t\t\t<div class=\"elementor-container elementor-column-gap-default\">\n\t\t\t\t\t<div class=\"elementor-column elementor-col-100 elementor-top-column elementor-element elementor-element-2fcf80b3\" data-id=\"2fcf80b3\" data-element_type=\"column\">\n\t\t\t<div class=\"elementor-widget-wrap elementor-element-populated\">\n\t\t\t\t\t\t<div class=\"elementor-element elementor-element-68f08aac elementor-widget elementor-widget-image\" data-id=\"68f08aac\" data-element_type=\"widget\" data-widget_type=\"image.default\">\n\t\t\t\t<div class=\"elementor-widget-container\">\n\t\t\t\t\t\t\t\t\t\t\t\t\t<img decoding=\"async\" width=\"800\" height=\"431\" src=\"https:\/\/schwartes.digiwox.eu\/wp-content\/uploads\/2024\/03\/Screenshot-2024-03-07-230035-1024x552.png\" class=\"attachment-large size-large wp-image-296\" alt=\"\" srcset=\"https:\/\/schwartes.digiwox.eu\/wp-content\/uploads\/2024\/03\/Screenshot-2024-03-07-230035-1024x552.png 1024w, https:\/\/schwartes.digiwox.eu\/wp-content\/uploads\/2024\/03\/Screenshot-2024-03-07-230035-300x162.png 300w, https:\/\/schwartes.digiwox.eu\/wp-content\/uploads\/2024\/03\/Screenshot-2024-03-07-230035-768x414.png 768w, https:\/\/schwartes.digiwox.eu\/wp-content\/uploads\/2024\/03\/Screenshot-2024-03-07-230035.png 1411w\" sizes=\"(max-width: 800px) 100vw, 800px\" \/>\t\t\t\t\t\t\t\t\t\t\t\t\t<\/div>\n\t\t\t\t<\/div>\n\t\t\t\t\t<\/div>\n\t\t<\/div>\n\t\t\t\t\t<\/div>\n\t\t<\/section>\n\t\t\t\t<section class=\"elementor-section elementor-top-section elementor-element elementor-element-3af6b733 elementor-section-full_width elementor-section-height-default elementor-section-height-default\" data-id=\"3af6b733\" data-element_type=\"section\">\n\t\t\t\t\t\t<div class=\"elementor-container elementor-column-gap-default\">\n\t\t\t\t\t<div class=\"elementor-column elementor-col-100 elementor-top-column elementor-element elementor-element-29561f3e\" data-id=\"29561f3e\" data-element_type=\"column\">\n\t\t\t<div class=\"elementor-widget-wrap elementor-element-populated\">\n\t\t\t\t\t\t<div class=\"elementor-element elementor-element-4d76c900 elementor-widget elementor-widget-image\" data-id=\"4d76c900\" data-element_type=\"widget\" data-widget_type=\"image.default\">\n\t\t\t\t<div class=\"elementor-widget-container\">\n\t\t\t\t\t\t\t\t\t\t\t\t\t<img decoding=\"async\" width=\"800\" height=\"401\" src=\"https:\/\/schwartes.digiwox.eu\/wp-content\/uploads\/2024\/03\/Screenshot-2024-03-07-230048-1024x513.png\" class=\"attachment-large size-large wp-image-295\" alt=\"\" srcset=\"https:\/\/schwartes.digiwox.eu\/wp-content\/uploads\/2024\/03\/Screenshot-2024-03-07-230048-1024x513.png 1024w, https:\/\/schwartes.digiwox.eu\/wp-content\/uploads\/2024\/03\/Screenshot-2024-03-07-230048-300x150.png 300w, https:\/\/schwartes.digiwox.eu\/wp-content\/uploads\/2024\/03\/Screenshot-2024-03-07-230048-768x385.png 768w, https:\/\/schwartes.digiwox.eu\/wp-content\/uploads\/2024\/03\/Screenshot-2024-03-07-230048.png 1401w\" sizes=\"(max-width: 800px) 100vw, 800px\" \/>\t\t\t\t\t\t\t\t\t\t\t\t\t<\/div>\n\t\t\t\t<\/div>\n\t\t\t\t<div class=\"elementor-element elementor-element-22f923de elementor-widget elementor-widget-image\" data-id=\"22f923de\" data-element_type=\"widget\" data-widget_type=\"image.default\">\n\t\t\t\t<div class=\"elementor-widget-container\">\n\t\t\t\t\t\t\t\t\t\t\t\t\t<img loading=\"lazy\" decoding=\"async\" width=\"800\" height=\"397\" src=\"https:\/\/schwartes.digiwox.eu\/wp-content\/uploads\/2024\/03\/Screenshot-2024-03-07-230100-1024x508.png\" class=\"attachment-large size-large wp-image-293\" alt=\"\" srcset=\"https:\/\/schwartes.digiwox.eu\/wp-content\/uploads\/2024\/03\/Screenshot-2024-03-07-230100-1024x508.png 1024w, https:\/\/schwartes.digiwox.eu\/wp-content\/uploads\/2024\/03\/Screenshot-2024-03-07-230100-300x149.png 300w, https:\/\/schwartes.digiwox.eu\/wp-content\/uploads\/2024\/03\/Screenshot-2024-03-07-230100-768x381.png 768w, https:\/\/schwartes.digiwox.eu\/wp-content\/uploads\/2024\/03\/Screenshot-2024-03-07-230100.png 1406w\" sizes=\"(max-width: 800px) 100vw, 800px\" \/>\t\t\t\t\t\t\t\t\t\t\t\t\t<\/div>\n\t\t\t\t<\/div>\n\t\t\t\t\t<\/div>\n\t\t<\/div>\n\t\t\t\t\t<\/div>\n\t\t<\/section>\n\t\t\t\t<section class=\"elementor-section elementor-top-section elementor-element elementor-element-ef7d670 elementor-section-boxed elementor-section-height-default elementor-section-height-default\" data-id=\"ef7d670\" data-element_type=\"section\">\n\t\t\t\t\t\t<div class=\"elementor-container elementor-column-gap-default\">\n\t\t\t\t\t<div class=\"elementor-column elementor-col-100 elementor-top-column elementor-element elementor-element-2559c76\" data-id=\"2559c76\" data-element_type=\"column\">\n\t\t\t<div class=\"elementor-widget-wrap elementor-element-populated\">\n\t\t\t\t\t\t<div class=\"elementor-element elementor-element-aba49cc elementor-align-center elementor-widget elementor-widget-button\" data-id=\"aba49cc\" data-element_type=\"widget\" data-widget_type=\"button.default\">\n\t\t\t\t<div class=\"elementor-widget-container\">\n\t\t\t\t\t<div class=\"elementor-button-wrapper\">\n\t\t\t<a class=\"elementor-button elementor-button-link elementor-size-sm\" href=\"https:\/\/schwartes.digiwox.eu\/\">\n\t\t\t\t\t\t<span class=\"elementor-button-content-wrapper\">\n\t\t\t\t\t\t<span class=\"elementor-button-icon elementor-align-icon-left\">\n\t\t\t\t<i aria-hidden=\"true\" class=\"icon icon-cross\"><\/i>\t\t\t<\/span>\n\t\t\t\t\t\t<span class=\"elementor-button-text\"><\/span>\n\t\t<\/span>\n\t\t\t\t\t<\/a>\n\t\t<\/div>\n\t\t\t\t<\/div>\n\t\t\t\t<\/div>\n\t\t\t\t\t<\/div>\n\t\t<\/div>\n\t\t\t\t\t<\/div>\n\t\t<\/section>\n\t\t\t\t<\/div>\n\t\t","protected":false},"excerpt":{"rendered":"<p>MASON GARMENTS wurde 2012 von Rendi Aditia gegr\u00fcndet und ist ein in Amsterdam ans\u00e4ssiges High-End-Schuhlabel, das sich der Herstellung von nachhaltigem und dauerhaftem Luxus verschrieben hat. MASON GARMENTS verk\u00f6rpert und verbindet Zeitlosigkeit, allt\u00e4glichen Luxus, Handwerkskunst und zeitgen\u00f6ssisches Design miteinander. Alle Schuhe werden in Handarbeit in Italien hergestellt, wobei traditionelle Techniken mit Innovation kombiniert werden. F\u00fcr [&hellip;]<\/p>\n","protected":false},"author":1,"featured_media":0,"parent":0,"menu_order":0,"comment_status":"closed","ping_status":"closed","template":"elementor_header_footer","meta":{"footnotes":""},"_links":{"self":[{"href":"https:\/\/schwartes.digiwox.eu\/index.php\/wp-json\/wp\/v2\/pages\/59"}],"collection":[{"href":"https:\/\/schwartes.digiwox.eu\/index.php\/wp-json\/wp\/v2\/pages"}],"about":[{"href":"https:\/\/schwartes.digiwox.eu\/index.php\/wp-json\/wp\/v2\/types\/page"}],"author":[{"embeddable":true,"href":"https:\/\/schwartes.digiwox.eu\/index.php\/wp-json\/wp\/v2\/users\/1"}],"replies":[{"embeddable":true,"href":"https:\/\/schwartes.digiwox.eu\/index.php\/wp-json\/wp\/v2\/comments?post=59"}],"version-history":[{"count":46,"href":"https:\/\/schwartes.digiwox.eu\/index.php\/wp-json\/wp\/v2\/pages\/59\/revisions"}],"predecessor-version":[{"id":1703,"href":"https:\/\/schwartes.digiwox.eu\/index.php\/wp-json\/wp\/v2\/pages\/59\/revisions\/1703"}],"wp:attachment":[{"href":"https:\/\/schwartes.digiwox.eu\/index.php\/wp-json\/wp\/v2\/media?parent=59"}],"curies":[{"name":"wp","href":"https:\/\/api.w.org\/{rel}","templated":true}]}}