{"id":60,"date":"2024-03-07T15:12:54","date_gmt":"2024-03-07T15:12:54","guid":{"rendered":"https:\/\/schwartes.digiwox.eu\/?page_id=60"},"modified":"2024-03-26T11:52:55","modified_gmt":"2024-03-26T11:52:55","slug":"parajumpers","status":"publish","type":"page","link":"https:\/\/schwartes.digiwox.eu\/index.php\/parajumpers\/","title":{"rendered":"PARAJUMPERS"},"content":{"rendered":"\t\t<div data-elementor-type=\"wp-page\" data-elementor-id=\"60\" class=\"elementor elementor-60\" data-elementor-post-type=\"page\">\n\t\t\t\t\t\t<section class=\"elementor-section elementor-top-section elementor-element elementor-element-6572d1f2 elementor-section-full_width elementor-section-height-default elementor-section-height-default\" data-id=\"6572d1f2\" data-element_type=\"section\">\n\t\t\t\t\t\t<div class=\"elementor-container elementor-column-gap-no\">\n\t\t\t\t\t<div class=\"elementor-column elementor-col-100 elementor-top-column elementor-element elementor-element-362544ca\" data-id=\"362544ca\" data-element_type=\"column\">\n\t\t\t<div class=\"elementor-widget-wrap elementor-element-populated\">\n\t\t\t\t\t\t<div class=\"elementor-element elementor-element-1f8dfe19 elementor-widget elementor-widget-image\" data-id=\"1f8dfe19\" data-element_type=\"widget\" data-widget_type=\"image.default\">\n\t\t\t\t<div class=\"elementor-widget-container\">\n\t\t\t<style>\/*! elementor - v3.20.0 - 26-03-2024 *\/\n.elementor-widget-image{text-align:center}.elementor-widget-image a{display:inline-block}.elementor-widget-image a img[src$=\".svg\"]{width:48px}.elementor-widget-image img{vertical-align:middle;display:inline-block}<\/style>\t\t\t\t\t\t\t\t\t\t<img fetchpriority=\"high\" decoding=\"async\" width=\"800\" height=\"420\" src=\"https:\/\/schwartes.digiwox.eu\/wp-content\/uploads\/2024\/03\/Schwarte_Website_PJS_neu-1024x537.jpg\" class=\"attachment-large size-large wp-image-1555\" alt=\"\" srcset=\"https:\/\/schwartes.digiwox.eu\/wp-content\/uploads\/2024\/03\/Schwarte_Website_PJS_neu-1024x537.jpg 1024w, https:\/\/schwartes.digiwox.eu\/wp-content\/uploads\/2024\/03\/Schwarte_Website_PJS_neu-300x157.jpg 300w, https:\/\/schwartes.digiwox.eu\/wp-content\/uploads\/2024\/03\/Schwarte_Website_PJS_neu-768x402.jpg 768w, https:\/\/schwartes.digiwox.eu\/wp-content\/uploads\/2024\/03\/Schwarte_Website_PJS_neu-1536x805.jpg 1536w, https:\/\/schwartes.digiwox.eu\/wp-content\/uploads\/2024\/03\/Schwarte_Website_PJS_neu-2048x1073.jpg 2048w\" sizes=\"(max-width: 800px) 100vw, 800px\" \/>\t\t\t\t\t\t\t\t\t\t\t\t\t<\/div>\n\t\t\t\t<\/div>\n\t\t\t\t\t<\/div>\n\t\t<\/div>\n\t\t\t\t\t<\/div>\n\t\t<\/section>\n\t\t\t\t<section class=\"elementor-section elementor-top-section elementor-element elementor-element-3fbbab09 elementor-section-boxed elementor-section-height-default elementor-section-height-default\" data-id=\"3fbbab09\" data-element_type=\"section\">\n\t\t\t\t\t\t<div class=\"elementor-container elementor-column-gap-default\">\n\t\t\t\t\t<div class=\"elementor-column elementor-col-100 elementor-top-column elementor-element elementor-element-18857649\" data-id=\"18857649\" data-element_type=\"column\">\n\t\t\t<div class=\"elementor-widget-wrap elementor-element-populated\">\n\t\t\t\t\t\t<div class=\"elementor-element elementor-element-62e76c69 elementor-widget elementor-widget-text-editor\" data-id=\"62e76c69\" data-element_type=\"widget\" data-widget_type=\"text-editor.default\">\n\t\t\t\t<div class=\"elementor-widget-container\">\n\t\t\t<style>\/*! elementor - v3.20.0 - 26-03-2024 *\/\n.elementor-widget-text-editor.elementor-drop-cap-view-stacked .elementor-drop-cap{background-color:#69727d;color:#fff}.elementor-widget-text-editor.elementor-drop-cap-view-framed .elementor-drop-cap{color:#69727d;border:3px solid;background-color:transparent}.elementor-widget-text-editor:not(.elementor-drop-cap-view-default) .elementor-drop-cap{margin-top:8px}.elementor-widget-text-editor:not(.elementor-drop-cap-view-default) .elementor-drop-cap-letter{width:1em;height:1em}.elementor-widget-text-editor .elementor-drop-cap{float:left;text-align:center;line-height:1;font-size:50px}.elementor-widget-text-editor .elementor-drop-cap-letter{display:inline-block}<\/style>\t\t\t\t<p><strong>PARAJUMPERS<\/strong> ist ein 2006 gegr\u00fcndetes italienisches Label f\u00fcr Luxus-Outerwear. Inspiriert durch die Begegnung mit einem diensttuenden Mitglied der 210. Rettungsstaffel der paramilit\u00e4rischen Einheit, schuf Massimo Rossetti, Creative Direktor von <strong>PJS<\/strong>, das erste St\u00fcck der sp\u00e4teren Masterpiece-Familie.<\/p><p>Die Kollektionen besticht aus innovativen und langlebigen Materialien mit zus\u00e4tzlicher Daunenf\u00fcllung f\u00fcr Herbst und Winter und leichtem, atmungsaktivem Nylon- oder Baumwollqualit\u00e4ten f\u00fcr Fr\u00fchling und Sommer. Die aktuellen Parajumpers-Kollektionen sind vor allem eine Mischung aus technischer Funktionalit\u00e4t, Innovation und Mode.<\/p>\t\t\t\t\t\t<\/div>\n\t\t\t\t<\/div>\n\t\t\t\t\t<\/div>\n\t\t<\/div>\n\t\t\t\t\t<\/div>\n\t\t<\/section>\n\t\t\t\t<section class=\"elementor-section elementor-top-section elementor-element elementor-element-6cdfcae0 elementor-section-full_width elementor-section-height-default elementor-section-height-default\" data-id=\"6cdfcae0\" data-element_type=\"section\">\n\t\t\t\t\t\t<div class=\"elementor-container elementor-column-gap-default\">\n\t\t\t\t\t<div class=\"elementor-column elementor-col-100 elementor-top-column elementor-element elementor-element-30ae0167\" data-id=\"30ae0167\" data-element_type=\"column\">\n\t\t\t<div class=\"elementor-widget-wrap elementor-element-populated\">\n\t\t\t\t\t\t<div class=\"elementor-element elementor-element-62495a5b elementor-widget elementor-widget-image\" data-id=\"62495a5b\" data-element_type=\"widget\" data-widget_type=\"image.default\">\n\t\t\t\t<div class=\"elementor-widget-container\">\n\t\t\t\t\t\t\t\t\t\t\t\t\t<img decoding=\"async\" width=\"800\" height=\"401\" src=\"https:\/\/schwartes.digiwox.eu\/wp-content\/uploads\/2024\/03\/Schwarte_Website_PJS_neu_1-1024x513.jpg\" class=\"attachment-large size-large wp-image-1556\" alt=\"\" srcset=\"https:\/\/schwartes.digiwox.eu\/wp-content\/uploads\/2024\/03\/Schwarte_Website_PJS_neu_1-1024x513.jpg 1024w, https:\/\/schwartes.digiwox.eu\/wp-content\/uploads\/2024\/03\/Schwarte_Website_PJS_neu_1-300x150.jpg 300w, https:\/\/schwartes.digiwox.eu\/wp-content\/uploads\/2024\/03\/Schwarte_Website_PJS_neu_1-768x385.jpg 768w, https:\/\/schwartes.digiwox.eu\/wp-content\/uploads\/2024\/03\/Schwarte_Website_PJS_neu_1-1536x770.jpg 1536w, https:\/\/schwartes.digiwox.eu\/wp-content\/uploads\/2024\/03\/Schwarte_Website_PJS_neu_1-2048x1026.jpg 2048w\" sizes=\"(max-width: 800px) 100vw, 800px\" \/>\t\t\t\t\t\t\t\t\t\t\t\t\t<\/div>\n\t\t\t\t<\/div>\n\t\t\t\t\t<\/div>\n\t\t<\/div>\n\t\t\t\t\t<\/div>\n\t\t<\/section>\n\t\t\t\t<section class=\"elementor-section elementor-top-section elementor-element elementor-element-65048b72 elementor-section-full_width elementor-section-height-default elementor-section-height-default\" data-id=\"65048b72\" data-element_type=\"section\">\n\t\t\t\t\t\t<div class=\"elementor-container elementor-column-gap-default\">\n\t\t\t\t\t<div class=\"elementor-column elementor-col-100 elementor-top-column elementor-element elementor-element-10bb70ef\" data-id=\"10bb70ef\" data-element_type=\"column\">\n\t\t\t<div class=\"elementor-widget-wrap elementor-element-populated\">\n\t\t\t\t\t\t<div class=\"elementor-element elementor-element-308259da elementor-widget elementor-widget-image\" data-id=\"308259da\" data-element_type=\"widget\" data-widget_type=\"image.default\">\n\t\t\t\t<div class=\"elementor-widget-container\">\n\t\t\t\t\t\t\t\t\t\t\t\t\t<img decoding=\"async\" width=\"800\" height=\"454\" src=\"https:\/\/schwartes.digiwox.eu\/wp-content\/uploads\/2024\/03\/Bildschirmfoto-2024-03-22-um-16.27.54-1024x581.png\" class=\"attachment-large size-large wp-image-1558\" alt=\"\" srcset=\"https:\/\/schwartes.digiwox.eu\/wp-content\/uploads\/2024\/03\/Bildschirmfoto-2024-03-22-um-16.27.54-1024x581.png 1024w, https:\/\/schwartes.digiwox.eu\/wp-content\/uploads\/2024\/03\/Bildschirmfoto-2024-03-22-um-16.27.54-300x170.png 300w, https:\/\/schwartes.digiwox.eu\/wp-content\/uploads\/2024\/03\/Bildschirmfoto-2024-03-22-um-16.27.54-768x436.png 768w, https:\/\/schwartes.digiwox.eu\/wp-content\/uploads\/2024\/03\/Bildschirmfoto-2024-03-22-um-16.27.54-1536x872.png 1536w, https:\/\/schwartes.digiwox.eu\/wp-content\/uploads\/2024\/03\/Bildschirmfoto-2024-03-22-um-16.27.54-2048x1163.png 2048w\" sizes=\"(max-width: 800px) 100vw, 800px\" \/>\t\t\t\t\t\t\t\t\t\t\t\t\t<\/div>\n\t\t\t\t<\/div>\n\t\t\t\t<div class=\"elementor-element elementor-element-1de91458 elementor-widget elementor-widget-image\" data-id=\"1de91458\" data-element_type=\"widget\" data-widget_type=\"image.default\">\n\t\t\t\t<div class=\"elementor-widget-container\">\n\t\t\t\t\t\t\t\t\t\t\t\t\t<img loading=\"lazy\" decoding=\"async\" width=\"800\" height=\"403\" src=\"https:\/\/schwartes.digiwox.eu\/wp-content\/uploads\/2024\/03\/Bildschirmfoto-2024-03-22-um-16.28.17-1024x516.png\" class=\"attachment-large size-large wp-image-1559\" alt=\"\" srcset=\"https:\/\/schwartes.digiwox.eu\/wp-content\/uploads\/2024\/03\/Bildschirmfoto-2024-03-22-um-16.28.17-1024x516.png 1024w, https:\/\/schwartes.digiwox.eu\/wp-content\/uploads\/2024\/03\/Bildschirmfoto-2024-03-22-um-16.28.17-300x151.png 300w, https:\/\/schwartes.digiwox.eu\/wp-content\/uploads\/2024\/03\/Bildschirmfoto-2024-03-22-um-16.28.17-768x387.png 768w, https:\/\/schwartes.digiwox.eu\/wp-content\/uploads\/2024\/03\/Bildschirmfoto-2024-03-22-um-16.28.17-1536x774.png 1536w, https:\/\/schwartes.digiwox.eu\/wp-content\/uploads\/2024\/03\/Bildschirmfoto-2024-03-22-um-16.28.17-2048x1033.png 2048w\" sizes=\"(max-width: 800px) 100vw, 800px\" \/>\t\t\t\t\t\t\t\t\t\t\t\t\t<\/div>\n\t\t\t\t<\/div>\n\t\t\t\t\t<\/div>\n\t\t<\/div>\n\t\t\t\t\t<\/div>\n\t\t<\/section>\n\t\t\t\t<section class=\"elementor-section elementor-top-section elementor-element elementor-element-2fd2a1c elementor-section-boxed elementor-section-height-default elementor-section-height-default\" data-id=\"2fd2a1c\" data-element_type=\"section\">\n\t\t\t\t\t\t<div class=\"elementor-container elementor-column-gap-default\">\n\t\t\t\t\t<div class=\"elementor-column elementor-col-100 elementor-top-column elementor-element elementor-element-b84b294\" data-id=\"b84b294\" data-element_type=\"column\">\n\t\t\t<div class=\"elementor-widget-wrap elementor-element-populated\">\n\t\t\t\t\t\t<div class=\"elementor-element elementor-element-0ed6833 elementor-align-center elementor-widget elementor-widget-button\" data-id=\"0ed6833\" data-element_type=\"widget\" data-widget_type=\"button.default\">\n\t\t\t\t<div class=\"elementor-widget-container\">\n\t\t\t\t\t<div class=\"elementor-button-wrapper\">\n\t\t\t<a class=\"elementor-button elementor-button-link elementor-size-sm\" href=\"https:\/\/schwartes.digiwox.eu\/\">\n\t\t\t\t\t\t<span class=\"elementor-button-content-wrapper\">\n\t\t\t\t\t\t<span class=\"elementor-button-icon elementor-align-icon-left\">\n\t\t\t\t<i aria-hidden=\"true\" class=\"icon icon-cross\"><\/i>\t\t\t<\/span>\n\t\t\t\t\t\t<span class=\"elementor-button-text\"><\/span>\n\t\t<\/span>\n\t\t\t\t\t<\/a>\n\t\t<\/div>\n\t\t\t\t<\/div>\n\t\t\t\t<\/div>\n\t\t\t\t\t<\/div>\n\t\t<\/div>\n\t\t\t\t\t<\/div>\n\t\t<\/section>\n\t\t\t\t<\/div>\n\t\t","protected":false},"excerpt":{"rendered":"<p>PARAJUMPERS ist ein 2006 gegr\u00fcndetes italienisches Label f\u00fcr Luxus-Outerwear. Inspiriert durch die Begegnung mit einem diensttuenden Mitglied der 210. Rettungsstaffel der paramilit\u00e4rischen Einheit, schuf Massimo Rossetti, Creative Direktor von PJS, das erste St\u00fcck der sp\u00e4teren Masterpiece-Familie. Die Kollektionen besticht aus innovativen und langlebigen Materialien mit zus\u00e4tzlicher Daunenf\u00fcllung f\u00fcr Herbst und Winter und leichtem, atmungsaktivem Nylon- [&hellip;]<\/p>\n","protected":false},"author":1,"featured_media":0,"parent":0,"menu_order":0,"comment_status":"closed","ping_status":"closed","template":"elementor_header_footer","meta":{"footnotes":""},"_links":{"self":[{"href":"https:\/\/schwartes.digiwox.eu\/index.php\/wp-json\/wp\/v2\/pages\/60"}],"collection":[{"href":"https:\/\/schwartes.digiwox.eu\/index.php\/wp-json\/wp\/v2\/pages"}],"about":[{"href":"https:\/\/schwartes.digiwox.eu\/index.php\/wp-json\/wp\/v2\/types\/page"}],"author":[{"embeddable":true,"href":"https:\/\/schwartes.digiwox.eu\/index.php\/wp-json\/wp\/v2\/users\/1"}],"replies":[{"embeddable":true,"href":"https:\/\/schwartes.digiwox.eu\/index.php\/wp-json\/wp\/v2\/comments?post=60"}],"version-history":[{"count":47,"href":"https:\/\/schwartes.digiwox.eu\/index.php\/wp-json\/wp\/v2\/pages\/60\/revisions"}],"predecessor-version":[{"id":1810,"href":"https:\/\/schwartes.digiwox.eu\/index.php\/wp-json\/wp\/v2\/pages\/60\/revisions\/1810"}],"wp:attachment":[{"href":"https:\/\/schwartes.digiwox.eu\/index.php\/wp-json\/wp\/v2\/media?parent=60"}],"curies":[{"name":"wp","href":"https:\/\/api.w.org\/{rel}","templated":true}]}}